{"id":8391,"date":"2022-06-05T14:49:40","date_gmt":"2022-06-05T14:49:40","guid":{"rendered":"https:\/\/www.vidora.al\/ks\/?page_id=8391"},"modified":"2022-06-13T23:31:13","modified_gmt":"2022-06-13T23:31:13","slug":"vonesa-mbi-5-ore","status":"publish","type":"page","link":"https:\/\/www.vidora.al\/ks\/vonesa-mbi-5-ore\/","title":{"rendered":"VONESA MBI 5 OR\u00cb"},"content":{"rendered":"<p><strong style=\"color: #49566f; font-family: Inter; font-size: 2rem; letter-spacing: -0.02em;\">Po kur fluturimi im vonohet p\u00ebr m\u00eb shum\u00eb se 5 or\u00eb?<\/strong><\/p>\n<p>N\u00ebse fluturimi juaj vonohet p\u00ebr m\u00eb shum\u00eb se 5 or\u00eb, mund t\u00eb k\u00ebrkoni rimbursim t\u00eb plot\u00eb t\u00eb bilet\u00ebs q\u00eb keni paguar dhe t\u00eb k\u00ebrkoni kompensim p\u00ebr vones\u00ebn p\u00ebr parregullsin\u00eb e shkaktuar nga linja ajrore. Ju lutemi kini parasysh q\u00eb n\u00ebse fluturimi vonohet mbi 3 or\u00eb, por m\u00eb pak se 5 or\u00eb, nuk mund t\u00eb merrni rimbursim t\u00eb plot\u00eb dhe nuk mund t\u00eb k\u00ebrkoni kompensim n\u00ebse nuk fluturoni.<\/p>\n","protected":false},"excerpt":{"rendered":"<p>Po kur fluturimi im vonohet p\u00ebr m\u00eb shum\u00eb se 5 or\u00eb? N\u00ebse fluturimi juaj vonohet p\u00ebr m\u00eb shum\u00eb se 5 or\u00eb, mund t\u00eb k\u00ebrkoni rimbursim t\u00eb plot\u00eb t\u00eb bilet\u00ebs q\u00eb keni paguar dhe t\u00eb k\u00ebrkoni kompensim p\u00ebr vones\u00ebn p\u00ebr parregullsin\u00eb e shkaktuar nga linja ajrore. Ju lutemi kini parasysh q\u00eb n\u00ebse fluturimi vonohet mbi 3&#8230;<\/p>\n","protected":false},"author":1,"featured_media":0,"parent":0,"menu_order":0,"comment_status":"closed","ping_status":"closed","template":"","meta":{"inline_featured_image":false,"_joinchat":[],"footnotes":""},"class_list":["post-8391","page","type-page","status-publish","hentry"],"_links":{"self":[{"href":"https:\/\/www.vidora.al\/ks\/wp-json\/wp\/v2\/pages\/8391","targetHints":{"allow":["GET"]}}],"collection":[{"href":"https:\/\/www.vidora.al\/ks\/wp-json\/wp\/v2\/pages"}],"about":[{"href":"https:\/\/www.vidora.al\/ks\/wp-json\/wp\/v2\/types\/page"}],"author":[{"embeddable":true,"href":"https:\/\/www.vidora.al\/ks\/wp-json\/wp\/v2\/users\/1"}],"replies":[{"embeddable":true,"href":"https:\/\/www.vidora.al\/ks\/wp-json\/wp\/v2\/comments?post=8391"}],"version-history":[{"count":2,"href":"https:\/\/www.vidora.al\/ks\/wp-json\/wp\/v2\/pages\/8391\/revisions"}],"predecessor-version":[{"id":8433,"href":"https:\/\/www.vidora.al\/ks\/wp-json\/wp\/v2\/pages\/8391\/revisions\/8433"}],"wp:attachment":[{"href":"https:\/\/www.vidora.al\/ks\/wp-json\/wp\/v2\/media?parent=8391"}],"curies":[{"name":"wp","href":"https:\/\/api.w.org\/{rel}","templated":true}]}}